{"id":955,"date":"2025-04-30T15:59:04","date_gmt":"2025-04-30T13:59:04","guid":{"rendered":"http:\/\/demo.statek-kumberk.cz\/?page_id=955"},"modified":"2025-05-18T20:14:55","modified_gmt":"2025-05-18T18:14:55","slug":"rezivo","status":"publish","type":"page","link":"http:\/\/demo.statek-kumberk.cz\/?page_id=955","title":{"rendered":"\u0158ezivo"},"content":{"rendered":"\t\t<div data-elementor-type=\"wp-page\" data-elementor-id=\"955\" class=\"elementor elementor-955\">\n\t\t\t\t<div class=\"elementor-element elementor-element-0b3af21 e-flex e-con-boxed e-con e-parent\" data-id=\"0b3af21\" data-element_type=\"container\">\n\t\t\t\t\t<div class=\"e-con-inner\">\n\t\t\t\t<div class=\"elementor-element elementor-element-961131c gallery-spacing-custom elementor-widget elementor-widget-image-gallery\" data-id=\"961131c\" data-element_type=\"widget\" data-widget_type=\"image-gallery.default\">\n\t\t\t\t<div class=\"elementor-widget-container\">\n\t\t\t\t\t\t\t<div class=\"elementor-image-gallery\">\n\t\t\t<div id='gallery-1' class='gallery galleryid-955 gallery-columns-3 gallery-size-full'><figure class='gallery-item'>\n\t\t\t<div class='gallery-icon landscape'>\n\t\t\t\t<a data-elementor-open-lightbox=\"yes\" data-elementor-lightbox-slideshow=\"961131c\" data-elementor-lightbox-title=\"64525689-2e96-43fc-8f24-1049416f28f4_removalai_preview\" data-e-action-hash=\"#elementor-action%3Aaction%3Dlightbox%26settings%3DeyJpZCI6MTEzMywidXJsIjoiaHR0cDpcL1wvZGVtby5zdGF0ZWsta3VtYmVyay5jelwvd3AtY29udGVudFwvdXBsb2Fkc1wvMjAyNVwvMDVcLzY0NTI1Njg5LTJlOTYtNDNmYy04ZjI0LTEwNDk0MTZmMjhmNF9yZW1vdmFsYWlfcHJldmlldy5wbmciLCJzbGlkZXNob3ciOiI5NjExMzFjIn0%3D\" href='http:\/\/demo.statek-kumberk.cz\/wp-content\/uploads\/2025\/05\/64525689-2e96-43fc-8f24-1049416f28f4_removalai_preview.png'><img fetchpriority=\"high\" decoding=\"async\" width=\"600\" height=\"600\" src=\"http:\/\/demo.statek-kumberk.cz\/wp-content\/uploads\/2025\/05\/64525689-2e96-43fc-8f24-1049416f28f4_removalai_preview.png\" class=\"attachment-full size-full\" alt=\"Hranoly - \u0158ezivo - Plze\u0148 a okol\u00ed\" srcset=\"http:\/\/demo.statek-kumberk.cz\/wp-content\/uploads\/2025\/05\/64525689-2e96-43fc-8f24-1049416f28f4_removalai_preview.png 600w, http:\/\/demo.statek-kumberk.cz\/wp-content\/uploads\/2025\/05\/64525689-2e96-43fc-8f24-1049416f28f4_removalai_preview-300x300.png 300w, http:\/\/demo.statek-kumberk.cz\/wp-content\/uploads\/2025\/05\/64525689-2e96-43fc-8f24-1049416f28f4_removalai_preview-150x150.png 150w, http:\/\/demo.statek-kumberk.cz\/wp-content\/uploads\/2025\/05\/64525689-2e96-43fc-8f24-1049416f28f4_removalai_preview-416x416.png 416w, http:\/\/demo.statek-kumberk.cz\/wp-content\/uploads\/2025\/05\/64525689-2e96-43fc-8f24-1049416f28f4_removalai_preview-100x100.png 100w\" sizes=\"(max-width: 600px) 100vw, 600px\" \/><\/a>\n\t\t\t<\/div><\/figure><figure class='gallery-item'>\n\t\t\t<div class='gallery-icon landscape'>\n\t\t\t\t<a data-elementor-open-lightbox=\"yes\" data-elementor-lightbox-slideshow=\"961131c\" data-elementor-lightbox-title=\"54382-0040_G.8d371979.39a151e6\" data-e-action-hash=\"#elementor-action%3Aaction%3Dlightbox%26settings%3DeyJpZCI6OTU3LCJ1cmwiOiJodHRwOlwvXC9kZW1vLnN0YXRlay1rdW1iZXJrLmN6XC93cC1jb250ZW50XC91cGxvYWRzXC8yMDI1XC8wNFwvNTQzODItMDA0MF9HLjhkMzcxOTc5LjM5YTE1MWU2LnBuZyIsInNsaWRlc2hvdyI6Ijk2MTEzMWMifQ%3D%3D\" href='http:\/\/demo.statek-kumberk.cz\/wp-content\/uploads\/2025\/04\/54382-0040_G.8d371979.39a151e6.png'><img decoding=\"async\" width=\"1044\" height=\"700\" src=\"http:\/\/demo.statek-kumberk.cz\/wp-content\/uploads\/2025\/04\/54382-0040_G.8d371979.39a151e6.png\" class=\"attachment-full size-full\" alt=\"Fo\u0161ny - \u0158ezivo - Plze\u0148 a okol\u00ed\" srcset=\"http:\/\/demo.statek-kumberk.cz\/wp-content\/uploads\/2025\/04\/54382-0040_G.8d371979.39a151e6.png 1044w, http:\/\/demo.statek-kumberk.cz\/wp-content\/uploads\/2025\/04\/54382-0040_G.8d371979.39a151e6-300x201.png 300w, http:\/\/demo.statek-kumberk.cz\/wp-content\/uploads\/2025\/04\/54382-0040_G.8d371979.39a151e6-1024x687.png 1024w, http:\/\/demo.statek-kumberk.cz\/wp-content\/uploads\/2025\/04\/54382-0040_G.8d371979.39a151e6-768x515.png 768w, http:\/\/demo.statek-kumberk.cz\/wp-content\/uploads\/2025\/04\/54382-0040_G.8d371979.39a151e6-416x279.png 416w\" sizes=\"(max-width: 1044px) 100vw, 1044px\" \/><\/a>\n\t\t\t<\/div><\/figure><figure class='gallery-item'>\n\t\t\t<div class='gallery-icon landscape'>\n\t\t\t\t<a data-elementor-open-lightbox=\"yes\" data-elementor-lightbox-slideshow=\"961131c\" data-elementor-lightbox-title=\"54094_0040-Fichte-Latten-sagerau-Gruppe.3e95356b.d3527b2d-1\" data-e-action-hash=\"#elementor-action%3Aaction%3Dlightbox%26settings%3DeyJpZCI6MTEzNCwidXJsIjoiaHR0cDpcL1wvZGVtby5zdGF0ZWsta3VtYmVyay5jelwvd3AtY29udGVudFwvdXBsb2Fkc1wvMjAyNVwvMDVcLzU0MDk0XzAwNDAtRmljaHRlLUxhdHRlbi1zYWdlcmF1LUdydXBwZS4zZTk1MzU2Yi5kMzUyN2IyZC0xLndlYnAiLCJzbGlkZXNob3ciOiI5NjExMzFjIn0%3D\" href='http:\/\/demo.statek-kumberk.cz\/wp-content\/uploads\/2025\/05\/54094_0040-Fichte-Latten-sagerau-Gruppe.3e95356b.d3527b2d-1.webp'><img decoding=\"async\" width=\"806\" height=\"700\" src=\"http:\/\/demo.statek-kumberk.cz\/wp-content\/uploads\/2025\/05\/54094_0040-Fichte-Latten-sagerau-Gruppe.3e95356b.d3527b2d-1.webp\" class=\"attachment-full size-full\" alt=\"Lat\u011b - \u0158ezivo - Plze\u0148 a okol\u00ed\" srcset=\"http:\/\/demo.statek-kumberk.cz\/wp-content\/uploads\/2025\/05\/54094_0040-Fichte-Latten-sagerau-Gruppe.3e95356b.d3527b2d-1.webp 806w, http:\/\/demo.statek-kumberk.cz\/wp-content\/uploads\/2025\/05\/54094_0040-Fichte-Latten-sagerau-Gruppe.3e95356b.d3527b2d-1-300x261.webp 300w, http:\/\/demo.statek-kumberk.cz\/wp-content\/uploads\/2025\/05\/54094_0040-Fichte-Latten-sagerau-Gruppe.3e95356b.d3527b2d-1-768x667.webp 768w, http:\/\/demo.statek-kumberk.cz\/wp-content\/uploads\/2025\/05\/54094_0040-Fichte-Latten-sagerau-Gruppe.3e95356b.d3527b2d-1-416x361.webp 416w\" sizes=\"(max-width: 806px) 100vw, 806px\" \/><\/a>\n\t\t\t<\/div><\/figure>\n\t\t<\/div>\n\t\t<\/div>\n\t\t\t\t\t\t<\/div>\n\t\t\t\t<\/div>\n\t\t\t\t<div class=\"elementor-element elementor-element-39a3062 elementor-widget elementor-widget-image-box\" data-id=\"39a3062\" data-element_type=\"widget\" data-widget_type=\"image-box.default\">\n\t\t\t\t<div class=\"elementor-widget-container\">\n\t\t\t\t\t<div class=\"elementor-image-box-wrapper\"><div class=\"elementor-image-box-content\"><h2 class=\"elementor-image-box-title\">\u0158ezivo<\/h2><p class=\"elementor-image-box-description\"><style>\na.kontakt-link {\n  color: #333;\nfont-weight: 600;\n  text-decoration: none !important;\n  transition: transform 0.01s ease;\n  display: inline-block;\n}\na.kontakt-link:hover {\n  transform: scale(1.03);\n  text-decoration: none !important;\n}\n<\/style>\n\n<p><strong>Kvalitn\u00ed \u0159ezivo<\/strong> p\u0159\u00edmo od v\u00fdrobce \u2013 <strong>Statek Kumberk<\/strong><\/p>\n<p>Nab\u00edz\u00edme <strong>stavebn\u00ed <\/strong> i <strong>truhl\u00e1\u0159sk\u00e9 \u0159ezivo<\/strong> z poctiv\u011b zpracovan\u00e9ho <strong>\u010desk\u00e9ho d\u0159eva<\/strong>. \u0158e\u017eeme <strong>\u0159ezivo na m\u00edru<\/strong> podle va\u0161ich po\u017eadavk\u016f a zaji\u0161\u0165ujeme <strong>rychl\u00e9 dod\u00e1n\u00ed<\/strong> <strong>Plze\u0148<\/strong> a okol\u00ed.<\/p>\n<p>A\u0165 stav\u00edte <strong>pergolu<\/strong>, opravujete <strong>st\u0159echu<\/strong>, nebo pot\u0159ebujete <strong>fo\u0161ny<\/strong>, <strong>hranoly<\/strong> \u010di <strong>lat\u011b<\/strong>, u n\u00e1s najdete <strong>spolehliv\u00e9ho dodavatele \u0159eziva<\/strong>.<\/p>\n\n<p class=\"kontakt-text\">\n  Kontaktujte n\u00e1s na tel.: \n  <span class=\"tel-group\">\n    <a href=\"tel:+420602141394\" class=\"kontakt-link\">+420 602 141 394<\/a>\n    <span class=\"separator\">|<\/span>\n    <a href=\"tel:+420721843536\" class=\"kontakt-link\">+420 721 843 536<\/a>\n  <\/span>\n  <br>\n  nebo e-mailem: \n  <a href=\"drevo@statek-kumberk.cz\" class=\"kontakt-link\">drevo@statek-kumberk.cz<\/a>\n<\/p><\/p><\/div><\/div>\t\t\t\t<\/div>\n\t\t\t\t<\/div>\n\t\t\t\t\t<\/div>\n\t\t\t\t<\/div>\n\t\t<div class=\"elementor-element elementor-element-652e624 e-flex e-con-boxed e-con e-parent\" data-id=\"652e624\" data-element_type=\"container\">\n\t\t\t\t\t<div class=\"e-con-inner\">\n\t\t\t\t\t<\/div>\n\t\t\t\t<\/div>\n\t\t\t\t<\/div>\n\t\t","protected":false},"excerpt":{"rendered":"<p>\u0158ezivo Kvalitn\u00ed \u0159ezivo p\u0159\u00edmo od v\u00fdrobce \u2013 Statek Kumberk Nab\u00edz\u00edme stavebn\u00ed i truhl\u00e1\u0159sk\u00e9 \u0159ezivo z poctiv\u011b zpracovan\u00e9ho \u010desk\u00e9ho d\u0159eva. \u0158e\u017eeme \u0159ezivo na m\u00edru podle va\u0161ich po\u017eadavk\u016f a zaji\u0161\u0165ujeme rychl\u00e9 dod\u00e1n\u00ed Plze\u0148 a okol\u00ed. A\u0165 stav\u00edte pergolu, opravujete st\u0159echu, nebo pot\u0159ebujete fo\u0161ny, hranoly \u010di lat\u011b, u n\u00e1s najdete spolehliv\u00e9ho dodavatele \u0159eziva. Kontaktujte n\u00e1s na tel.: +420 [&hellip;]<\/p>\n","protected":false},"author":2,"featured_media":0,"parent":0,"menu_order":0,"comment_status":"closed","ping_status":"closed","template":"","meta":{"footnotes":""},"class_list":["post-955","page","type-page","status-publish","hentry"],"yoast_head":"<!-- This site is optimized with the Yoast SEO plugin v25.0 - https:\/\/yoast.com\/wordpress\/plugins\/seo\/ -->\n<title>\u0158ezivo Plze\u0148 \u2013 lat\u011b, fo\u0161ny, hranoly | Statek Kumberk<\/title>\n<meta name=\"description\" content=\"Kvalitn\u00ed \u0159ezivo z vlastn\u00ed v\u00fdroby. Lat\u011b, fo\u0161ny, hranoly na m\u00edru Plze\u0148 a okol\u00ed. Spolehliv\u00fd dodavatel \u0159eziva - Statek Kumberk\" \/>\n<meta name=\"robots\" content=\"index, follow, max-snippet:-1, max-image-preview:large, max-video-preview:-1\" \/>\n<link rel=\"canonical\" href=\"http:\/\/demo.statek-kumberk.cz\/?page_id=955\" \/>\n<meta property=\"og:locale\" content=\"cs_CZ\" \/>\n<meta property=\"og:type\" content=\"article\" \/>\n<meta property=\"og:title\" content=\"\u0158ezivo Plze\u0148 \u2013 lat\u011b, fo\u0161ny, hranoly | Statek Kumberk\" \/>\n<meta property=\"og:description\" content=\"Kvalitn\u00ed \u0159ezivo z vlastn\u00ed v\u00fdroby. Lat\u011b, fo\u0161ny, hranoly na m\u00edru Plze\u0148 a okol\u00ed. Spolehliv\u00fd dodavatel \u0159eziva - Statek Kumberk\" \/>\n<meta property=\"og:url\" content=\"http:\/\/demo.statek-kumberk.cz\/?page_id=955\" \/>\n<meta property=\"og:site_name\" content=\"DEMO eshop Statek Kumberk\" \/>\n<meta property=\"article:modified_time\" content=\"2025-05-18T18:14:55+00:00\" \/>\n<meta property=\"og:image\" content=\"http:\/\/drevo.statek-kumberk.cz\/wp-content\/uploads\/2025\/05\/64525689-2e96-43fc-8f24-1049416f28f4_removalai_preview.png\" \/>\n<meta name=\"twitter:card\" content=\"summary_large_image\" \/>\n<meta name=\"twitter:label1\" content=\"Odhadovan\u00e1 doba \u010dten\u00ed\" \/>\n\t<meta name=\"twitter:data1\" content=\"1 minuta\" \/>\n<script type=\"application\/ld+json\" class=\"yoast-schema-graph\">{\"@context\":\"https:\/\/schema.org\",\"@graph\":[{\"@type\":\"WebPage\",\"@id\":\"http:\/\/demo.statek-kumberk.cz\/?page_id=955\",\"url\":\"http:\/\/demo.statek-kumberk.cz\/?page_id=955\",\"name\":\"\u0158ezivo Plze\u0148 \u2013 lat\u011b, fo\u0161ny, hranoly | Statek Kumberk\",\"isPartOf\":{\"@id\":\"http:\/\/demo.statek-kumberk.cz\/#website\"},\"primaryImageOfPage\":{\"@id\":\"http:\/\/demo.statek-kumberk.cz\/?page_id=955#primaryimage\"},\"image\":{\"@id\":\"http:\/\/demo.statek-kumberk.cz\/?page_id=955#primaryimage\"},\"thumbnailUrl\":\"http:\/\/drevo.statek-kumberk.cz\/wp-content\/uploads\/2025\/05\/64525689-2e96-43fc-8f24-1049416f28f4_removalai_preview.png\",\"datePublished\":\"2025-04-30T13:59:04+00:00\",\"dateModified\":\"2025-05-18T18:14:55+00:00\",\"description\":\"Kvalitn\u00ed \u0159ezivo z vlastn\u00ed v\u00fdroby. Lat\u011b, fo\u0161ny, hranoly na m\u00edru Plze\u0148 a okol\u00ed. Spolehliv\u00fd dodavatel \u0159eziva - Statek Kumberk\",\"breadcrumb\":{\"@id\":\"http:\/\/demo.statek-kumberk.cz\/?page_id=955#breadcrumb\"},\"inLanguage\":\"cs\",\"potentialAction\":[{\"@type\":\"ReadAction\",\"target\":[\"http:\/\/demo.statek-kumberk.cz\/?page_id=955\"]}]},{\"@type\":\"ImageObject\",\"inLanguage\":\"cs\",\"@id\":\"http:\/\/demo.statek-kumberk.cz\/?page_id=955#primaryimage\",\"url\":\"http:\/\/drevo.statek-kumberk.cz\/wp-content\/uploads\/2025\/05\/64525689-2e96-43fc-8f24-1049416f28f4_removalai_preview.png\",\"contentUrl\":\"http:\/\/drevo.statek-kumberk.cz\/wp-content\/uploads\/2025\/05\/64525689-2e96-43fc-8f24-1049416f28f4_removalai_preview.png\"},{\"@type\":\"BreadcrumbList\",\"@id\":\"http:\/\/demo.statek-kumberk.cz\/?page_id=955#breadcrumb\",\"itemListElement\":[{\"@type\":\"ListItem\",\"position\":1,\"name\":\"Dom\u016f\",\"item\":\"http:\/\/demo.statek-kumberk.cz\/\"},{\"@type\":\"ListItem\",\"position\":2,\"name\":\"\u0158ezivo\"}]},{\"@type\":\"WebSite\",\"@id\":\"http:\/\/demo.statek-kumberk.cz\/#website\",\"url\":\"http:\/\/demo.statek-kumberk.cz\/\",\"name\":\"DEMO eshop Statek Kumberk\",\"description\":\"\",\"publisher\":{\"@id\":\"http:\/\/demo.statek-kumberk.cz\/#organization\"},\"potentialAction\":[{\"@type\":\"SearchAction\",\"target\":{\"@type\":\"EntryPoint\",\"urlTemplate\":\"http:\/\/demo.statek-kumberk.cz\/?s={search_term_string}\"},\"query-input\":{\"@type\":\"PropertyValueSpecification\",\"valueRequired\":true,\"valueName\":\"search_term_string\"}}],\"inLanguage\":\"cs\"},{\"@type\":\"Organization\",\"@id\":\"http:\/\/demo.statek-kumberk.cz\/#organization\",\"name\":\"DEMO eshop Statek Kumberk\",\"url\":\"http:\/\/demo.statek-kumberk.cz\/\",\"logo\":{\"@type\":\"ImageObject\",\"inLanguage\":\"cs\",\"@id\":\"http:\/\/demo.statek-kumberk.cz\/#\/schema\/logo\/image\/\",\"url\":\"http:\/\/demo.statek-kumberk.cz\/wp-content\/uploads\/2025\/05\/cropped-cropped-cropped-9c1f904f-65ad-4cdf-afb4-c002ba697250_removalai_preview-2.png\",\"contentUrl\":\"http:\/\/demo.statek-kumberk.cz\/wp-content\/uploads\/2025\/05\/cropped-cropped-cropped-9c1f904f-65ad-4cdf-afb4-c002ba697250_removalai_preview-2.png\",\"width\":512,\"height\":512,\"caption\":\"DEMO eshop Statek Kumberk\"},\"image\":{\"@id\":\"http:\/\/demo.statek-kumberk.cz\/#\/schema\/logo\/image\/\"}}]}<\/script>\n<!-- \/ Yoast SEO plugin. -->","yoast_head_json":{"title":"\u0158ezivo Plze\u0148 \u2013 lat\u011b, fo\u0161ny, hranoly | Statek Kumberk","description":"Kvalitn\u00ed \u0159ezivo z vlastn\u00ed v\u00fdroby. Lat\u011b, fo\u0161ny, hranoly na m\u00edru Plze\u0148 a okol\u00ed. Spolehliv\u00fd dodavatel \u0159eziva - Statek Kumberk","robots":{"index":"index","follow":"follow","max-snippet":"max-snippet:-1","max-image-preview":"max-image-preview:large","max-video-preview":"max-video-preview:-1"},"canonical":"http:\/\/demo.statek-kumberk.cz\/?page_id=955","og_locale":"cs_CZ","og_type":"article","og_title":"\u0158ezivo Plze\u0148 \u2013 lat\u011b, fo\u0161ny, hranoly | Statek Kumberk","og_description":"Kvalitn\u00ed \u0159ezivo z vlastn\u00ed v\u00fdroby. Lat\u011b, fo\u0161ny, hranoly na m\u00edru Plze\u0148 a okol\u00ed. Spolehliv\u00fd dodavatel \u0159eziva - Statek Kumberk","og_url":"http:\/\/demo.statek-kumberk.cz\/?page_id=955","og_site_name":"DEMO eshop Statek Kumberk","article_modified_time":"2025-05-18T18:14:55+00:00","og_image":[{"url":"http:\/\/drevo.statek-kumberk.cz\/wp-content\/uploads\/2025\/05\/64525689-2e96-43fc-8f24-1049416f28f4_removalai_preview.png","type":"","width":"","height":""}],"twitter_card":"summary_large_image","twitter_misc":{"Odhadovan\u00e1 doba \u010dten\u00ed":"1 minuta"},"schema":{"@context":"https:\/\/schema.org","@graph":[{"@type":"WebPage","@id":"http:\/\/demo.statek-kumberk.cz\/?page_id=955","url":"http:\/\/demo.statek-kumberk.cz\/?page_id=955","name":"\u0158ezivo Plze\u0148 \u2013 lat\u011b, fo\u0161ny, hranoly | Statek Kumberk","isPartOf":{"@id":"http:\/\/demo.statek-kumberk.cz\/#website"},"primaryImageOfPage":{"@id":"http:\/\/demo.statek-kumberk.cz\/?page_id=955#primaryimage"},"image":{"@id":"http:\/\/demo.statek-kumberk.cz\/?page_id=955#primaryimage"},"thumbnailUrl":"http:\/\/drevo.statek-kumberk.cz\/wp-content\/uploads\/2025\/05\/64525689-2e96-43fc-8f24-1049416f28f4_removalai_preview.png","datePublished":"2025-04-30T13:59:04+00:00","dateModified":"2025-05-18T18:14:55+00:00","description":"Kvalitn\u00ed \u0159ezivo z vlastn\u00ed v\u00fdroby. Lat\u011b, fo\u0161ny, hranoly na m\u00edru Plze\u0148 a okol\u00ed. Spolehliv\u00fd dodavatel \u0159eziva - Statek Kumberk","breadcrumb":{"@id":"http:\/\/demo.statek-kumberk.cz\/?page_id=955#breadcrumb"},"inLanguage":"cs","potentialAction":[{"@type":"ReadAction","target":["http:\/\/demo.statek-kumberk.cz\/?page_id=955"]}]},{"@type":"ImageObject","inLanguage":"cs","@id":"http:\/\/demo.statek-kumberk.cz\/?page_id=955#primaryimage","url":"http:\/\/drevo.statek-kumberk.cz\/wp-content\/uploads\/2025\/05\/64525689-2e96-43fc-8f24-1049416f28f4_removalai_preview.png","contentUrl":"http:\/\/drevo.statek-kumberk.cz\/wp-content\/uploads\/2025\/05\/64525689-2e96-43fc-8f24-1049416f28f4_removalai_preview.png"},{"@type":"BreadcrumbList","@id":"http:\/\/demo.statek-kumberk.cz\/?page_id=955#breadcrumb","itemListElement":[{"@type":"ListItem","position":1,"name":"Dom\u016f","item":"http:\/\/demo.statek-kumberk.cz\/"},{"@type":"ListItem","position":2,"name":"\u0158ezivo"}]},{"@type":"WebSite","@id":"http:\/\/demo.statek-kumberk.cz\/#website","url":"http:\/\/demo.statek-kumberk.cz\/","name":"DEMO eshop Statek Kumberk","description":"","publisher":{"@id":"http:\/\/demo.statek-kumberk.cz\/#organization"},"potentialAction":[{"@type":"SearchAction","target":{"@type":"EntryPoint","urlTemplate":"http:\/\/demo.statek-kumberk.cz\/?s={search_term_string}"},"query-input":{"@type":"PropertyValueSpecification","valueRequired":true,"valueName":"search_term_string"}}],"inLanguage":"cs"},{"@type":"Organization","@id":"http:\/\/demo.statek-kumberk.cz\/#organization","name":"DEMO eshop Statek Kumberk","url":"http:\/\/demo.statek-kumberk.cz\/","logo":{"@type":"ImageObject","inLanguage":"cs","@id":"http:\/\/demo.statek-kumberk.cz\/#\/schema\/logo\/image\/","url":"http:\/\/demo.statek-kumberk.cz\/wp-content\/uploads\/2025\/05\/cropped-cropped-cropped-9c1f904f-65ad-4cdf-afb4-c002ba697250_removalai_preview-2.png","contentUrl":"http:\/\/demo.statek-kumberk.cz\/wp-content\/uploads\/2025\/05\/cropped-cropped-cropped-9c1f904f-65ad-4cdf-afb4-c002ba697250_removalai_preview-2.png","width":512,"height":512,"caption":"DEMO eshop Statek Kumberk"},"image":{"@id":"http:\/\/demo.statek-kumberk.cz\/#\/schema\/logo\/image\/"}}]}},"_links":{"self":[{"href":"http:\/\/demo.statek-kumberk.cz\/index.php?rest_route=\/wp\/v2\/pages\/955","targetHints":{"allow":["GET"]}}],"collection":[{"href":"http:\/\/demo.statek-kumberk.cz\/index.php?rest_route=\/wp\/v2\/pages"}],"about":[{"href":"http:\/\/demo.statek-kumberk.cz\/index.php?rest_route=\/wp\/v2\/types\/page"}],"author":[{"embeddable":true,"href":"http:\/\/demo.statek-kumberk.cz\/index.php?rest_route=\/wp\/v2\/users\/2"}],"replies":[{"embeddable":true,"href":"http:\/\/demo.statek-kumberk.cz\/index.php?rest_route=%2Fwp%2Fv2%2Fcomments&post=955"}],"version-history":[{"count":28,"href":"http:\/\/demo.statek-kumberk.cz\/index.php?rest_route=\/wp\/v2\/pages\/955\/revisions"}],"predecessor-version":[{"id":1471,"href":"http:\/\/demo.statek-kumberk.cz\/index.php?rest_route=\/wp\/v2\/pages\/955\/revisions\/1471"}],"wp:attachment":[{"href":"http:\/\/demo.statek-kumberk.cz\/index.php?rest_route=%2Fwp%2Fv2%2Fmedia&parent=955"}],"curies":[{"name":"wp","href":"https:\/\/api.w.org\/{rel}","templated":true}]}}