{"id":9,"date":"2025-03-26T13:28:26","date_gmt":"2025-03-26T12:28:26","guid":{"rendered":"http:\/\/demo.statek-kumberk.cz\/?page_id=9"},"modified":"2025-04-29T14:46:05","modified_gmt":"2025-04-29T12:46:05","slug":"muj-ucet","status":"publish","type":"page","link":"http:\/\/demo.statek-kumberk.cz\/?page_id=9","title":{"rendered":"M\u016fj \u00fa\u010det"},"content":{"rendered":"","protected":false},"excerpt":{"rendered":"","protected":false},"author":1,"featured_media":0,"parent":0,"menu_order":0,"comment_status":"closed","ping_status":"closed","template":"","meta":{"footnotes":""},"class_list":["post-9","page","type-page","status-publish","hentry"],"yoast_head":"<!-- This site is optimized with the Yoast SEO plugin v25.0 - https:\/\/yoast.com\/wordpress\/plugins\/seo\/ -->\n<title>M\u016fj \u00fa\u010det - DEMO eshop Statek Kumberk<\/title>\n<meta name=\"robots\" content=\"index, follow, max-snippet:-1, max-image-preview:large, max-video-preview:-1\" \/>\n<link rel=\"canonical\" href=\"http:\/\/demo.statek-kumberk.cz\/?page_id=9\" \/>\n<meta property=\"og:locale\" content=\"cs_CZ\" \/>\n<meta property=\"og:type\" content=\"article\" \/>\n<meta property=\"og:title\" content=\"M\u016fj \u00fa\u010det - DEMO eshop Statek Kumberk\" \/>\n<meta property=\"og:url\" content=\"http:\/\/demo.statek-kumberk.cz\/?page_id=9\" \/>\n<meta property=\"og:site_name\" content=\"DEMO eshop Statek Kumberk\" \/>\n<meta property=\"article:modified_time\" content=\"2025-04-29T12:46:05+00:00\" \/>\n<meta name=\"twitter:card\" content=\"summary_large_image\" \/>\n<script type=\"application\/ld+json\" class=\"yoast-schema-graph\">{\"@context\":\"https:\/\/schema.org\",\"@graph\":[{\"@type\":\"WebPage\",\"@id\":\"http:\/\/demo.statek-kumberk.cz\/?page_id=9\",\"url\":\"http:\/\/demo.statek-kumberk.cz\/?page_id=9\",\"name\":\"M\u016fj \u00fa\u010det - DEMO eshop Statek Kumberk\",\"isPartOf\":{\"@id\":\"http:\/\/demo.statek-kumberk.cz\/#website\"},\"datePublished\":\"2025-03-26T12:28:26+00:00\",\"dateModified\":\"2025-04-29T12:46:05+00:00\",\"breadcrumb\":{\"@id\":\"http:\/\/demo.statek-kumberk.cz\/?page_id=9#breadcrumb\"},\"inLanguage\":\"cs\",\"potentialAction\":[{\"@type\":\"ReadAction\",\"target\":[\"http:\/\/demo.statek-kumberk.cz\/?page_id=9\"]}]},{\"@type\":\"BreadcrumbList\",\"@id\":\"http:\/\/demo.statek-kumberk.cz\/?page_id=9#breadcrumb\",\"itemListElement\":[{\"@type\":\"ListItem\",\"position\":1,\"name\":\"Dom\u016f\",\"item\":\"http:\/\/demo.statek-kumberk.cz\/\"},{\"@type\":\"ListItem\",\"position\":2,\"name\":\"M\u016fj \u00fa\u010det\"}]},{\"@type\":\"WebSite\",\"@id\":\"http:\/\/demo.statek-kumberk.cz\/#website\",\"url\":\"http:\/\/demo.statek-kumberk.cz\/\",\"name\":\"DEMO eshop Statek Kumberk\",\"description\":\"\",\"publisher\":{\"@id\":\"http:\/\/demo.statek-kumberk.cz\/#organization\"},\"potentialAction\":[{\"@type\":\"SearchAction\",\"target\":{\"@type\":\"EntryPoint\",\"urlTemplate\":\"http:\/\/demo.statek-kumberk.cz\/?s={search_term_string}\"},\"query-input\":{\"@type\":\"PropertyValueSpecification\",\"valueRequired\":true,\"valueName\":\"search_term_string\"}}],\"inLanguage\":\"cs\"},{\"@type\":\"Organization\",\"@id\":\"http:\/\/demo.statek-kumberk.cz\/#organization\",\"name\":\"DEMO eshop Statek Kumberk\",\"url\":\"http:\/\/demo.statek-kumberk.cz\/\",\"logo\":{\"@type\":\"ImageObject\",\"inLanguage\":\"cs\",\"@id\":\"http:\/\/demo.statek-kumberk.cz\/#\/schema\/logo\/image\/\",\"url\":\"http:\/\/demo.statek-kumberk.cz\/wp-content\/uploads\/2025\/05\/cropped-cropped-cropped-9c1f904f-65ad-4cdf-afb4-c002ba697250_removalai_preview-2.png\",\"contentUrl\":\"http:\/\/demo.statek-kumberk.cz\/wp-content\/uploads\/2025\/05\/cropped-cropped-cropped-9c1f904f-65ad-4cdf-afb4-c002ba697250_removalai_preview-2.png\",\"width\":512,\"height\":512,\"caption\":\"DEMO eshop Statek Kumberk\"},\"image\":{\"@id\":\"http:\/\/demo.statek-kumberk.cz\/#\/schema\/logo\/image\/\"}}]}<\/script>\n<!-- \/ Yoast SEO plugin. -->","yoast_head_json":{"title":"M\u016fj \u00fa\u010det - DEMO eshop Statek Kumberk","robots":{"index":"index","follow":"follow","max-snippet":"max-snippet:-1","max-image-preview":"max-image-preview:large","max-video-preview":"max-video-preview:-1"},"canonical":"http:\/\/demo.statek-kumberk.cz\/?page_id=9","og_locale":"cs_CZ","og_type":"article","og_title":"M\u016fj \u00fa\u010det - DEMO eshop Statek Kumberk","og_url":"http:\/\/demo.statek-kumberk.cz\/?page_id=9","og_site_name":"DEMO eshop Statek Kumberk","article_modified_time":"2025-04-29T12:46:05+00:00","twitter_card":"summary_large_image","schema":{"@context":"https:\/\/schema.org","@graph":[{"@type":"WebPage","@id":"http:\/\/demo.statek-kumberk.cz\/?page_id=9","url":"http:\/\/demo.statek-kumberk.cz\/?page_id=9","name":"M\u016fj \u00fa\u010det - DEMO eshop Statek Kumberk","isPartOf":{"@id":"http:\/\/demo.statek-kumberk.cz\/#website"},"datePublished":"2025-03-26T12:28:26+00:00","dateModified":"2025-04-29T12:46:05+00:00","breadcrumb":{"@id":"http:\/\/demo.statek-kumberk.cz\/?page_id=9#breadcrumb"},"inLanguage":"cs","potentialAction":[{"@type":"ReadAction","target":["http:\/\/demo.statek-kumberk.cz\/?page_id=9"]}]},{"@type":"BreadcrumbList","@id":"http:\/\/demo.statek-kumberk.cz\/?page_id=9#breadcrumb","itemListElement":[{"@type":"ListItem","position":1,"name":"Dom\u016f","item":"http:\/\/demo.statek-kumberk.cz\/"},{"@type":"ListItem","position":2,"name":"M\u016fj \u00fa\u010det"}]},{"@type":"WebSite","@id":"http:\/\/demo.statek-kumberk.cz\/#website","url":"http:\/\/demo.statek-kumberk.cz\/","name":"DEMO eshop Statek Kumberk","description":"","publisher":{"@id":"http:\/\/demo.statek-kumberk.cz\/#organization"},"potentialAction":[{"@type":"SearchAction","target":{"@type":"EntryPoint","urlTemplate":"http:\/\/demo.statek-kumberk.cz\/?s={search_term_string}"},"query-input":{"@type":"PropertyValueSpecification","valueRequired":true,"valueName":"search_term_string"}}],"inLanguage":"cs"},{"@type":"Organization","@id":"http:\/\/demo.statek-kumberk.cz\/#organization","name":"DEMO eshop Statek Kumberk","url":"http:\/\/demo.statek-kumberk.cz\/","logo":{"@type":"ImageObject","inLanguage":"cs","@id":"http:\/\/demo.statek-kumberk.cz\/#\/schema\/logo\/image\/","url":"http:\/\/demo.statek-kumberk.cz\/wp-content\/uploads\/2025\/05\/cropped-cropped-cropped-9c1f904f-65ad-4cdf-afb4-c002ba697250_removalai_preview-2.png","contentUrl":"http:\/\/demo.statek-kumberk.cz\/wp-content\/uploads\/2025\/05\/cropped-cropped-cropped-9c1f904f-65ad-4cdf-afb4-c002ba697250_removalai_preview-2.png","width":512,"height":512,"caption":"DEMO eshop Statek Kumberk"},"image":{"@id":"http:\/\/demo.statek-kumberk.cz\/#\/schema\/logo\/image\/"}}]}},"_links":{"self":[{"href":"http:\/\/demo.statek-kumberk.cz\/index.php?rest_route=\/wp\/v2\/pages\/9","targetHints":{"allow":["GET"]}}],"collection":[{"href":"http:\/\/demo.statek-kumberk.cz\/index.php?rest_route=\/wp\/v2\/pages"}],"about":[{"href":"http:\/\/demo.statek-kumberk.cz\/index.php?rest_route=\/wp\/v2\/types\/page"}],"author":[{"embeddable":true,"href":"http:\/\/demo.statek-kumberk.cz\/index.php?rest_route=\/wp\/v2\/users\/1"}],"replies":[{"embeddable":true,"href":"http:\/\/demo.statek-kumberk.cz\/index.php?rest_route=%2Fwp%2Fv2%2Fcomments&post=9"}],"version-history":[{"count":4,"href":"http:\/\/demo.statek-kumberk.cz\/index.php?rest_route=\/wp\/v2\/pages\/9\/revisions"}],"predecessor-version":[{"id":299,"href":"http:\/\/demo.statek-kumberk.cz\/index.php?rest_route=\/wp\/v2\/pages\/9\/revisions\/299"}],"wp:attachment":[{"href":"http:\/\/demo.statek-kumberk.cz\/index.php?rest_route=%2Fwp%2Fv2%2Fmedia&parent=9"}],"curies":[{"name":"wp","href":"https:\/\/api.w.org\/{rel}","templated":true}]}}