{"id":7,"date":"2025-03-26T13:28:26","date_gmt":"2025-03-26T12:28:26","guid":{"rendered":"http:\/\/demo.statek-kumberk.cz\/?page_id=7"},"modified":"2025-09-12T19:33:03","modified_gmt":"2025-09-12T17:33:03","slug":"kosik","status":"publish","type":"page","link":"http:\/\/demo.statek-kumberk.cz\/?page_id=7","title":{"rendered":"Ko\u0161\u00edk"},"content":{"rendered":"\t\t<div data-elementor-type=\"wp-page\" data-elementor-id=\"7\" class=\"elementor elementor-7\">\n\t\t\t\t<div class=\"elementor-element elementor-element-599efbe e-flex e-con-boxed e-con e-parent\" data-id=\"599efbe\" data-element_type=\"container\">\n\t\t\t\t\t<div class=\"e-con-inner\">\n\t\t\t\t<div class=\"elementor-element elementor-element-60565532 elementor-widget elementor-widget-text-editor\" data-id=\"60565532\" data-element_type=\"widget\" data-widget_type=\"text-editor.default\">\n\t\t\t\t<div class=\"elementor-widget-container\"><\/div>\n\t\t\t\t<\/div>\n\t\t\t\t\t<\/div>\n\t\t\t\t<\/div>\n\t\t<div class=\"elementor-element elementor-element-a09a307 e-flex e-con-boxed e-con e-parent\" data-id=\"a09a307\" data-element_type=\"container\">\n\t\t\t\t\t<div class=\"e-con-inner\">\n\t\t\t\t<div class=\"elementor-element elementor-element-a2b444f elementor-widget elementor-widget-shortcode\" data-id=\"a2b444f\" data-element_type=\"widget\" data-widget_type=\"shortcode.default\">\n\t\t\t\t<div class=\"elementor-widget-container\">\n\t\t\t\t\t\t\t<div class=\"elementor-shortcode\"><div class=\"woocommerce\"><div class=\"woocommerce-notices-wrapper\"><\/div><div class=\"wc-empty-cart-message\">\n\t<div class=\"cart-empty woocommerce-info\">\n\t\tV\u00e1\u0161 ko\u0161\u00edk je pr\u00e1zdn\u00fd.\t<\/div>\n<\/div>\t<p class=\"return-to-shop\">\n\t\t<a class=\"button wc-backward\" href=\"http:\/\/demo.statek-kumberk.cz\/?page_id=6\">\n\t\t\tZp\u011bt do obchodu\t\t<\/a>\n\t<\/p>\n<\/div><\/div>\n\t\t\t\t\t\t<\/div>\n\t\t\t\t<\/div>\n\t\t\t\t\t<\/div>\n\t\t\t\t<\/div>\t\t<\/div>\n\t\t","protected":false},"excerpt":{"rendered":"","protected":false},"author":1,"featured_media":0,"parent":0,"menu_order":0,"comment_status":"closed","ping_status":"closed","template":"","meta":{"footnotes":""},"class_list":["post-7","page","type-page","status-publish","hentry"],"yoast_head":"<!-- This site is optimized with the Yoast SEO plugin v25.0 - https:\/\/yoast.com\/wordpress\/plugins\/seo\/ -->\n<title>Ko\u0161\u00edk - DEMO eshop Statek Kumberk<\/title>\n<meta name=\"robots\" content=\"index, follow, max-snippet:-1, max-image-preview:large, max-video-preview:-1\" \/>\n<link rel=\"canonical\" href=\"http:\/\/demo.statek-kumberk.cz\/?page_id=7\" \/>\n<meta property=\"og:locale\" content=\"cs_CZ\" \/>\n<meta property=\"og:type\" content=\"article\" \/>\n<meta property=\"og:title\" content=\"Ko\u0161\u00edk - DEMO eshop Statek Kumberk\" \/>\n<meta property=\"og:url\" content=\"http:\/\/demo.statek-kumberk.cz\/?page_id=7\" \/>\n<meta property=\"og:site_name\" content=\"DEMO eshop Statek Kumberk\" \/>\n<meta property=\"article:modified_time\" content=\"2025-09-12T17:33:03+00:00\" \/>\n<meta name=\"twitter:card\" content=\"summary_large_image\" \/>\n<meta name=\"twitter:label1\" content=\"Odhadovan\u00e1 doba \u010dten\u00ed\" \/>\n\t<meta name=\"twitter:data1\" content=\"1 minuta\" \/>\n<script type=\"application\/ld+json\" class=\"yoast-schema-graph\">{\"@context\":\"https:\/\/schema.org\",\"@graph\":[{\"@type\":\"WebPage\",\"@id\":\"http:\/\/demo.statek-kumberk.cz\/?page_id=7\",\"url\":\"http:\/\/demo.statek-kumberk.cz\/?page_id=7\",\"name\":\"Ko\u0161\u00edk - DEMO eshop Statek Kumberk\",\"isPartOf\":{\"@id\":\"http:\/\/demo.statek-kumberk.cz\/#website\"},\"datePublished\":\"2025-03-26T12:28:26+00:00\",\"dateModified\":\"2025-09-12T17:33:03+00:00\",\"breadcrumb\":{\"@id\":\"http:\/\/demo.statek-kumberk.cz\/?page_id=7#breadcrumb\"},\"inLanguage\":\"cs\",\"potentialAction\":[{\"@type\":\"ReadAction\",\"target\":[\"http:\/\/demo.statek-kumberk.cz\/?page_id=7\"]}]},{\"@type\":\"BreadcrumbList\",\"@id\":\"http:\/\/demo.statek-kumberk.cz\/?page_id=7#breadcrumb\",\"itemListElement\":[{\"@type\":\"ListItem\",\"position\":1,\"name\":\"Dom\u016f\",\"item\":\"http:\/\/demo.statek-kumberk.cz\/\"},{\"@type\":\"ListItem\",\"position\":2,\"name\":\"Ko\u0161\u00edk\"}]},{\"@type\":\"WebSite\",\"@id\":\"http:\/\/demo.statek-kumberk.cz\/#website\",\"url\":\"http:\/\/demo.statek-kumberk.cz\/\",\"name\":\"DEMO eshop Statek Kumberk\",\"description\":\"\",\"publisher\":{\"@id\":\"http:\/\/demo.statek-kumberk.cz\/#organization\"},\"potentialAction\":[{\"@type\":\"SearchAction\",\"target\":{\"@type\":\"EntryPoint\",\"urlTemplate\":\"http:\/\/demo.statek-kumberk.cz\/?s={search_term_string}\"},\"query-input\":{\"@type\":\"PropertyValueSpecification\",\"valueRequired\":true,\"valueName\":\"search_term_string\"}}],\"inLanguage\":\"cs\"},{\"@type\":\"Organization\",\"@id\":\"http:\/\/demo.statek-kumberk.cz\/#organization\",\"name\":\"DEMO eshop Statek Kumberk\",\"url\":\"http:\/\/demo.statek-kumberk.cz\/\",\"logo\":{\"@type\":\"ImageObject\",\"inLanguage\":\"cs\",\"@id\":\"http:\/\/demo.statek-kumberk.cz\/#\/schema\/logo\/image\/\",\"url\":\"http:\/\/demo.statek-kumberk.cz\/wp-content\/uploads\/2025\/05\/cropped-cropped-cropped-9c1f904f-65ad-4cdf-afb4-c002ba697250_removalai_preview-2.png\",\"contentUrl\":\"http:\/\/demo.statek-kumberk.cz\/wp-content\/uploads\/2025\/05\/cropped-cropped-cropped-9c1f904f-65ad-4cdf-afb4-c002ba697250_removalai_preview-2.png\",\"width\":512,\"height\":512,\"caption\":\"DEMO eshop Statek Kumberk\"},\"image\":{\"@id\":\"http:\/\/demo.statek-kumberk.cz\/#\/schema\/logo\/image\/\"}}]}<\/script>\n<!-- \/ Yoast SEO plugin. -->","yoast_head_json":{"title":"Ko\u0161\u00edk - DEMO eshop Statek Kumberk","robots":{"index":"index","follow":"follow","max-snippet":"max-snippet:-1","max-image-preview":"max-image-preview:large","max-video-preview":"max-video-preview:-1"},"canonical":"http:\/\/demo.statek-kumberk.cz\/?page_id=7","og_locale":"cs_CZ","og_type":"article","og_title":"Ko\u0161\u00edk - DEMO eshop Statek Kumberk","og_url":"http:\/\/demo.statek-kumberk.cz\/?page_id=7","og_site_name":"DEMO eshop Statek Kumberk","article_modified_time":"2025-09-12T17:33:03+00:00","twitter_card":"summary_large_image","twitter_misc":{"Odhadovan\u00e1 doba \u010dten\u00ed":"1 minuta"},"schema":{"@context":"https:\/\/schema.org","@graph":[{"@type":"WebPage","@id":"http:\/\/demo.statek-kumberk.cz\/?page_id=7","url":"http:\/\/demo.statek-kumberk.cz\/?page_id=7","name":"Ko\u0161\u00edk - DEMO eshop Statek Kumberk","isPartOf":{"@id":"http:\/\/demo.statek-kumberk.cz\/#website"},"datePublished":"2025-03-26T12:28:26+00:00","dateModified":"2025-09-12T17:33:03+00:00","breadcrumb":{"@id":"http:\/\/demo.statek-kumberk.cz\/?page_id=7#breadcrumb"},"inLanguage":"cs","potentialAction":[{"@type":"ReadAction","target":["http:\/\/demo.statek-kumberk.cz\/?page_id=7"]}]},{"@type":"BreadcrumbList","@id":"http:\/\/demo.statek-kumberk.cz\/?page_id=7#breadcrumb","itemListElement":[{"@type":"ListItem","position":1,"name":"Dom\u016f","item":"http:\/\/demo.statek-kumberk.cz\/"},{"@type":"ListItem","position":2,"name":"Ko\u0161\u00edk"}]},{"@type":"WebSite","@id":"http:\/\/demo.statek-kumberk.cz\/#website","url":"http:\/\/demo.statek-kumberk.cz\/","name":"DEMO eshop Statek Kumberk","description":"","publisher":{"@id":"http:\/\/demo.statek-kumberk.cz\/#organization"},"potentialAction":[{"@type":"SearchAction","target":{"@type":"EntryPoint","urlTemplate":"http:\/\/demo.statek-kumberk.cz\/?s={search_term_string}"},"query-input":{"@type":"PropertyValueSpecification","valueRequired":true,"valueName":"search_term_string"}}],"inLanguage":"cs"},{"@type":"Organization","@id":"http:\/\/demo.statek-kumberk.cz\/#organization","name":"DEMO eshop Statek Kumberk","url":"http:\/\/demo.statek-kumberk.cz\/","logo":{"@type":"ImageObject","inLanguage":"cs","@id":"http:\/\/demo.statek-kumberk.cz\/#\/schema\/logo\/image\/","url":"http:\/\/demo.statek-kumberk.cz\/wp-content\/uploads\/2025\/05\/cropped-cropped-cropped-9c1f904f-65ad-4cdf-afb4-c002ba697250_removalai_preview-2.png","contentUrl":"http:\/\/demo.statek-kumberk.cz\/wp-content\/uploads\/2025\/05\/cropped-cropped-cropped-9c1f904f-65ad-4cdf-afb4-c002ba697250_removalai_preview-2.png","width":512,"height":512,"caption":"DEMO eshop Statek Kumberk"},"image":{"@id":"http:\/\/demo.statek-kumberk.cz\/#\/schema\/logo\/image\/"}}]}},"_links":{"self":[{"href":"http:\/\/demo.statek-kumberk.cz\/index.php?rest_route=\/wp\/v2\/pages\/7","targetHints":{"allow":["GET"]}}],"collection":[{"href":"http:\/\/demo.statek-kumberk.cz\/index.php?rest_route=\/wp\/v2\/pages"}],"about":[{"href":"http:\/\/demo.statek-kumberk.cz\/index.php?rest_route=\/wp\/v2\/types\/page"}],"author":[{"embeddable":true,"href":"http:\/\/demo.statek-kumberk.cz\/index.php?rest_route=\/wp\/v2\/users\/1"}],"replies":[{"embeddable":true,"href":"http:\/\/demo.statek-kumberk.cz\/index.php?rest_route=%2Fwp%2Fv2%2Fcomments&post=7"}],"version-history":[{"count":6,"href":"http:\/\/demo.statek-kumberk.cz\/index.php?rest_route=\/wp\/v2\/pages\/7\/revisions"}],"predecessor-version":[{"id":1570,"href":"http:\/\/demo.statek-kumberk.cz\/index.php?rest_route=\/wp\/v2\/pages\/7\/revisions\/1570"}],"wp:attachment":[{"href":"http:\/\/demo.statek-kumberk.cz\/index.php?rest_route=%2Fwp%2Fv2%2Fmedia&parent=7"}],"curies":[{"name":"wp","href":"https:\/\/api.w.org\/{rel}","templated":true}]}}