{"id":303,"date":"2025-04-08T10:43:07","date_gmt":"2025-04-08T08:43:07","guid":{"rendered":"http:\/\/demo.statek-kumberk.cz\/?page_id=303"},"modified":"2025-05-18T18:22:10","modified_gmt":"2025-05-18T16:22:10","slug":"o-nas","status":"publish","type":"page","link":"http:\/\/demo.statek-kumberk.cz\/?page_id=303","title":{"rendered":"O n\u00e1s"},"content":{"rendered":"\t\t<div data-elementor-type=\"wp-page\" data-elementor-id=\"303\" class=\"elementor elementor-303\">\n\t\t\t\t<div class=\"elementor-element elementor-element-da1b2fc e-flex e-con-boxed e-con e-parent\" data-id=\"da1b2fc\" data-element_type=\"container\">\n\t\t\t\t\t<div class=\"e-con-inner\">\n\t\t\t\t<div class=\"elementor-element elementor-element-2da3548 elementor-widget elementor-widget-text-editor\" data-id=\"2da3548\" data-element_type=\"widget\" data-widget_type=\"text-editor.default\">\n\t\t\t\t<div class=\"elementor-widget-container\">\n\t\t\t\t\t\t\t\t\t<h2>O n\u00e1s \u2013 Statek Kumberk<\/h2>\nV\u00edtejte na str\u00e1nk\u00e1ch <strong>Statku Kumberk<\/strong> \u2013 m\u00edsta, kde se poctiv\u00e1 pr\u00e1ce s p\u0159\u00edrodn\u00edm materi\u00e1lem setk\u00e1v\u00e1 s tradic\u00ed a osobn\u00edm p\u0159\u00edstupem. Jsme rodinn\u00fd podnik, kter\u00fd se zam\u011b\u0159uje p\u0159edev\u0161\u00edm na <strong>zem\u011bd\u011blstv\u00ed,<\/strong> <strong>prodej palivov\u00e9ho d\u0159eva a <strong>\u0159eziva <\/strong> v Plzni a okol\u00ed<\/strong>.\n<div style=\"display: flex; gap: 25px; justify-content: center; margin: 20px 0;\"><img decoding=\"async\" style=\"max-width: 50%; border-radius: 12px;\" src=\"http:\/\/drevo.statek-kumberk.cz\/wp-content\/uploads\/2025\/04\/vlcsnap-2025-04-29-16h00m21s002.png\" alt=\"Statek Kumberk - d\u0159evo z vlastn\u00edch les\u016f\" \/>\n<img decoding=\"async\" style=\"max-width: 50%; border-radius: 12px;\" src=\"http:\/\/drevo.statek-kumberk.cz\/wp-content\/uploads\/2025\/05\/IMG_7777-scaled.jpeg\" alt=\"D\u0159evo a lesy\" \/><\/div>\n<h3>Pro\u010d pr\u00e1v\u011b na\u0161e d\u0159evo?<\/h3>\nNa\u0161e <strong>\u0161t\u00edpan\u00e9 palivov\u00e9 d\u0159evo a \u0159ezivo<\/strong> poch\u00e1z\u00ed v\u00fdhradn\u011b z vlastn\u00edch zdroj\u016f \u2013 \u017e\u00e1dn\u00e9 p\u0159ekupov\u00e1n\u00ed, jen p\u0159\u00edm\u00fd a f\u00e9rov\u00fd p\u0159\u00edstup. <strong>D\u0159evo si sami k\u00e1c\u00edme a stahujeme z lesa vlastn\u00ed technikou<\/strong>, d\u00edky \u010demu\u017e m\u00e1me pod kontrolou ka\u017ed\u00fd krok \u2013 od t\u011b\u017eby po dod\u00e1n\u00ed. <strong>Such\u00e9 \u0161t\u00edpan\u00e9 d\u0159evo<\/strong> je p\u0159ipraven\u00e9 k okam\u017eit\u00e9mu pou\u017eit\u00ed. Hod\u00ed se pro <strong>krby, kamna i kotle<\/strong> a skv\u011ble ho vyu\u017eijete jako <strong>d\u0159evo na topen\u00ed<\/strong>.\n<ul>\n \t<li>Kvalitn\u00ed <strong>tvrd\u00e9 a m\u011bkk\u00e9 palivov\u00e9 d\u0159evo Plze\u0148<\/strong><\/li>\n \t<li><strong>Stavebn\u00ed i jin\u00e9 \u0159ezivo<\/strong> \u2013 hranoly, prkna, fo\u0161ny<\/li>\n \t<li><strong>Rozvoz d\u0159eva po Plzni a okol\u00ed<\/strong> (do 15 km zdarma)<\/li>\n \t<li>Mo\u017enost <strong>osobn\u00edho odb\u011bru d\u0159eva<\/strong> p\u0159\u00edmo na statku<\/li>\n<\/ul>\n<div style=\"display: flex; gap: 25px; justify-content: center; margin: 20px 0;\"><img decoding=\"async\" style=\"max-width: 50%; border-radius: 12px;\" src=\"http:\/\/drevo.statek-kumberk.cz\/wp-content\/uploads\/2025\/05\/stipacka-1.jpg\" alt=\"Statek Kumberk - d\u0159evo z vlastn\u00edch les\u016f\" \/>\n<img decoding=\"async\" style=\"max-width: 50%; border-radius: 12px;\" src=\"http:\/\/drevo.statek-kumberk.cz\/wp-content\/uploads\/2025\/05\/auto-kumberk.jpg\" alt=\"D\u0159evo a lesy\" \/><\/div>\n<h3>Kdo jsme?<\/h3>\nZa Statkem Kumberk stoj\u00edme my \u2013 rodinn\u00e1 firma, kter\u00e1 m\u00e1 k p\u0159\u00edrod\u011b a pr\u00e1ci se d\u0159evem bl\u00edzko. <strong>D\u0159evo si sami vyt\u011b\u017e\u00edme, st\u00e1hneme z lesa vlastn\u00ed technikou, roz\u0159e\u017eeme a na\u0161t\u00edpeme<\/strong>. D\u00edky tomu v\u00e1m m\u016f\u017eeme nab\u00eddnout opravdu <strong>kvalitn\u00ed palivov\u00e9 d\u0159evo z vlastn\u00ed t\u011b\u017eby<\/strong>, bez kompromis\u016f.\n\nChceme, aby se k n\u00e1m z\u00e1kazn\u00edci r\u00e1di vraceli. A\u0165 u\u017e pot\u0159ebujete <strong>z\u00e1sobu d\u0159eva na zimu<\/strong>, nebo jen p\u00e1r kub\u00edk\u016f <strong>d\u0159eva na chalupu<\/strong>, u n\u00e1s najdete <strong>kvalitn\u00ed \u0161t\u00edpan\u00e9 d\u0159evo<\/strong> za f\u00e9rov\u00e9 ceny a s osobn\u00edm p\u0159\u00edstupem.\n<h3>Kde n\u00e1s najdete?<\/h3>\n<strong>Statek Kumberk<\/strong> se nach\u00e1z\u00ed nedaleko <strong>Plzn\u011b<\/strong>, sm\u011brem na <strong>M\u011bsto Tou\u0161kov<\/strong>. V\u0161echny kontaktn\u00ed informace a mo\u017enosti odb\u011bru najdete na str\u00e1nce <a href=\"https:\/\/drevo.statek-kumberk.cz\/?page_id=2\">Kontakt<\/a>.\t\t\t\t\t\t\t\t<\/div>\n\t\t\t\t<\/div>\n\t\t\t\t\t<\/div>\n\t\t\t\t<\/div>\n\t\t\t\t<\/div>\n\t\t","protected":false},"excerpt":{"rendered":"<p>O n\u00e1s \u2013 Statek Kumberk V\u00edtejte na str\u00e1nk\u00e1ch Statku Kumberk \u2013 m\u00edsta, kde se poctiv\u00e1 pr\u00e1ce s p\u0159\u00edrodn\u00edm materi\u00e1lem setk\u00e1v\u00e1 s tradic\u00ed a osobn\u00edm p\u0159\u00edstupem. Jsme rodinn\u00fd podnik, kter\u00fd se zam\u011b\u0159uje p\u0159edev\u0161\u00edm na zem\u011bd\u011blstv\u00ed, prodej palivov\u00e9ho d\u0159eva a \u0159eziva v Plzni a okol\u00ed. Pro\u010d pr\u00e1v\u011b na\u0161e d\u0159evo? Na\u0161e \u0161t\u00edpan\u00e9 palivov\u00e9 d\u0159evo a \u0159ezivo poch\u00e1z\u00ed v\u00fdhradn\u011b [&hellip;]<\/p>\n","protected":false},"author":2,"featured_media":0,"parent":0,"menu_order":0,"comment_status":"closed","ping_status":"closed","template":"","meta":{"footnotes":""},"class_list":["post-303","page","type-page","status-publish","hentry"],"yoast_head":"<!-- This site is optimized with the Yoast SEO plugin v25.0 - https:\/\/yoast.com\/wordpress\/plugins\/seo\/ -->\n<title>O n\u00e1s \u2013 Prodej d\u0159eva a \u0159eziva | Statek Kumberk<\/title>\n<meta name=\"description\" content=\"Statku Kumberk \u2013 poctiv\u00fd prodej palivov\u00e9ho d\u0159eva a \u0159eziva z vlastn\u00edch les\u016f. Rodinn\u00e1 firma s tradic\u00ed a osobn\u00edm p\u0159\u00edstupem v Plzni a okol\u00ed.\" \/>\n<meta name=\"robots\" content=\"index, follow, max-snippet:-1, max-image-preview:large, max-video-preview:-1\" \/>\n<link rel=\"canonical\" href=\"http:\/\/demo.statek-kumberk.cz\/?page_id=303\" \/>\n<meta property=\"og:locale\" content=\"cs_CZ\" \/>\n<meta property=\"og:type\" content=\"article\" \/>\n<meta property=\"og:title\" content=\"O n\u00e1s \u2013 Prodej d\u0159eva a \u0159eziva | Statek Kumberk\" \/>\n<meta property=\"og:description\" content=\"Statku Kumberk \u2013 poctiv\u00fd prodej palivov\u00e9ho d\u0159eva a \u0159eziva z vlastn\u00edch les\u016f. Rodinn\u00e1 firma s tradic\u00ed a osobn\u00edm p\u0159\u00edstupem v Plzni a okol\u00ed.\" \/>\n<meta property=\"og:url\" content=\"http:\/\/demo.statek-kumberk.cz\/?page_id=303\" \/>\n<meta property=\"og:site_name\" content=\"DEMO eshop Statek Kumberk\" \/>\n<meta property=\"article:modified_time\" content=\"2025-05-18T16:22:10+00:00\" \/>\n<meta property=\"og:image\" content=\"http:\/\/drevo.statek-kumberk.cz\/wp-content\/uploads\/2025\/04\/vlcsnap-2025-04-29-16h00m21s002.png\" \/>\n<meta name=\"twitter:card\" content=\"summary_large_image\" \/>\n<meta name=\"twitter:label1\" content=\"Odhadovan\u00e1 doba \u010dten\u00ed\" \/>\n\t<meta name=\"twitter:data1\" content=\"3 minuty\" \/>\n<script type=\"application\/ld+json\" class=\"yoast-schema-graph\">{\"@context\":\"https:\/\/schema.org\",\"@graph\":[{\"@type\":\"WebPage\",\"@id\":\"http:\/\/demo.statek-kumberk.cz\/?page_id=303\",\"url\":\"http:\/\/demo.statek-kumberk.cz\/?page_id=303\",\"name\":\"O n\u00e1s \u2013 Prodej d\u0159eva a \u0159eziva | Statek Kumberk\",\"isPartOf\":{\"@id\":\"http:\/\/demo.statek-kumberk.cz\/#website\"},\"primaryImageOfPage\":{\"@id\":\"http:\/\/demo.statek-kumberk.cz\/?page_id=303#primaryimage\"},\"image\":{\"@id\":\"http:\/\/demo.statek-kumberk.cz\/?page_id=303#primaryimage\"},\"thumbnailUrl\":\"http:\/\/drevo.statek-kumberk.cz\/wp-content\/uploads\/2025\/04\/vlcsnap-2025-04-29-16h00m21s002.png\",\"datePublished\":\"2025-04-08T08:43:07+00:00\",\"dateModified\":\"2025-05-18T16:22:10+00:00\",\"description\":\"Statku Kumberk \u2013 poctiv\u00fd prodej palivov\u00e9ho d\u0159eva a \u0159eziva z vlastn\u00edch les\u016f. Rodinn\u00e1 firma s tradic\u00ed a osobn\u00edm p\u0159\u00edstupem v Plzni a okol\u00ed.\",\"breadcrumb\":{\"@id\":\"http:\/\/demo.statek-kumberk.cz\/?page_id=303#breadcrumb\"},\"inLanguage\":\"cs\",\"potentialAction\":[{\"@type\":\"ReadAction\",\"target\":[\"http:\/\/demo.statek-kumberk.cz\/?page_id=303\"]}]},{\"@type\":\"ImageObject\",\"inLanguage\":\"cs\",\"@id\":\"http:\/\/demo.statek-kumberk.cz\/?page_id=303#primaryimage\",\"url\":\"http:\/\/drevo.statek-kumberk.cz\/wp-content\/uploads\/2025\/04\/vlcsnap-2025-04-29-16h00m21s002.png\",\"contentUrl\":\"http:\/\/drevo.statek-kumberk.cz\/wp-content\/uploads\/2025\/04\/vlcsnap-2025-04-29-16h00m21s002.png\"},{\"@type\":\"BreadcrumbList\",\"@id\":\"http:\/\/demo.statek-kumberk.cz\/?page_id=303#breadcrumb\",\"itemListElement\":[{\"@type\":\"ListItem\",\"position\":1,\"name\":\"Dom\u016f\",\"item\":\"http:\/\/demo.statek-kumberk.cz\/\"},{\"@type\":\"ListItem\",\"position\":2,\"name\":\"O n\u00e1s\"}]},{\"@type\":\"WebSite\",\"@id\":\"http:\/\/demo.statek-kumberk.cz\/#website\",\"url\":\"http:\/\/demo.statek-kumberk.cz\/\",\"name\":\"DEMO eshop Statek Kumberk\",\"description\":\"\",\"publisher\":{\"@id\":\"http:\/\/demo.statek-kumberk.cz\/#organization\"},\"potentialAction\":[{\"@type\":\"SearchAction\",\"target\":{\"@type\":\"EntryPoint\",\"urlTemplate\":\"http:\/\/demo.statek-kumberk.cz\/?s={search_term_string}\"},\"query-input\":{\"@type\":\"PropertyValueSpecification\",\"valueRequired\":true,\"valueName\":\"search_term_string\"}}],\"inLanguage\":\"cs\"},{\"@type\":\"Organization\",\"@id\":\"http:\/\/demo.statek-kumberk.cz\/#organization\",\"name\":\"DEMO eshop Statek Kumberk\",\"url\":\"http:\/\/demo.statek-kumberk.cz\/\",\"logo\":{\"@type\":\"ImageObject\",\"inLanguage\":\"cs\",\"@id\":\"http:\/\/demo.statek-kumberk.cz\/#\/schema\/logo\/image\/\",\"url\":\"http:\/\/demo.statek-kumberk.cz\/wp-content\/uploads\/2025\/05\/cropped-cropped-cropped-9c1f904f-65ad-4cdf-afb4-c002ba697250_removalai_preview-2.png\",\"contentUrl\":\"http:\/\/demo.statek-kumberk.cz\/wp-content\/uploads\/2025\/05\/cropped-cropped-cropped-9c1f904f-65ad-4cdf-afb4-c002ba697250_removalai_preview-2.png\",\"width\":512,\"height\":512,\"caption\":\"DEMO eshop Statek Kumberk\"},\"image\":{\"@id\":\"http:\/\/demo.statek-kumberk.cz\/#\/schema\/logo\/image\/\"}}]}<\/script>\n<!-- \/ Yoast SEO plugin. -->","yoast_head_json":{"title":"O n\u00e1s \u2013 Prodej d\u0159eva a \u0159eziva | Statek Kumberk","description":"Statku Kumberk \u2013 poctiv\u00fd prodej palivov\u00e9ho d\u0159eva a \u0159eziva z vlastn\u00edch les\u016f. Rodinn\u00e1 firma s tradic\u00ed a osobn\u00edm p\u0159\u00edstupem v Plzni a okol\u00ed.","robots":{"index":"index","follow":"follow","max-snippet":"max-snippet:-1","max-image-preview":"max-image-preview:large","max-video-preview":"max-video-preview:-1"},"canonical":"http:\/\/demo.statek-kumberk.cz\/?page_id=303","og_locale":"cs_CZ","og_type":"article","og_title":"O n\u00e1s \u2013 Prodej d\u0159eva a \u0159eziva | Statek Kumberk","og_description":"Statku Kumberk \u2013 poctiv\u00fd prodej palivov\u00e9ho d\u0159eva a \u0159eziva z vlastn\u00edch les\u016f. Rodinn\u00e1 firma s tradic\u00ed a osobn\u00edm p\u0159\u00edstupem v Plzni a okol\u00ed.","og_url":"http:\/\/demo.statek-kumberk.cz\/?page_id=303","og_site_name":"DEMO eshop Statek Kumberk","article_modified_time":"2025-05-18T16:22:10+00:00","og_image":[{"url":"http:\/\/drevo.statek-kumberk.cz\/wp-content\/uploads\/2025\/04\/vlcsnap-2025-04-29-16h00m21s002.png","type":"","width":"","height":""}],"twitter_card":"summary_large_image","twitter_misc":{"Odhadovan\u00e1 doba \u010dten\u00ed":"3 minuty"},"schema":{"@context":"https:\/\/schema.org","@graph":[{"@type":"WebPage","@id":"http:\/\/demo.statek-kumberk.cz\/?page_id=303","url":"http:\/\/demo.statek-kumberk.cz\/?page_id=303","name":"O n\u00e1s \u2013 Prodej d\u0159eva a \u0159eziva | Statek Kumberk","isPartOf":{"@id":"http:\/\/demo.statek-kumberk.cz\/#website"},"primaryImageOfPage":{"@id":"http:\/\/demo.statek-kumberk.cz\/?page_id=303#primaryimage"},"image":{"@id":"http:\/\/demo.statek-kumberk.cz\/?page_id=303#primaryimage"},"thumbnailUrl":"http:\/\/drevo.statek-kumberk.cz\/wp-content\/uploads\/2025\/04\/vlcsnap-2025-04-29-16h00m21s002.png","datePublished":"2025-04-08T08:43:07+00:00","dateModified":"2025-05-18T16:22:10+00:00","description":"Statku Kumberk \u2013 poctiv\u00fd prodej palivov\u00e9ho d\u0159eva a \u0159eziva z vlastn\u00edch les\u016f. Rodinn\u00e1 firma s tradic\u00ed a osobn\u00edm p\u0159\u00edstupem v Plzni a okol\u00ed.","breadcrumb":{"@id":"http:\/\/demo.statek-kumberk.cz\/?page_id=303#breadcrumb"},"inLanguage":"cs","potentialAction":[{"@type":"ReadAction","target":["http:\/\/demo.statek-kumberk.cz\/?page_id=303"]}]},{"@type":"ImageObject","inLanguage":"cs","@id":"http:\/\/demo.statek-kumberk.cz\/?page_id=303#primaryimage","url":"http:\/\/drevo.statek-kumberk.cz\/wp-content\/uploads\/2025\/04\/vlcsnap-2025-04-29-16h00m21s002.png","contentUrl":"http:\/\/drevo.statek-kumberk.cz\/wp-content\/uploads\/2025\/04\/vlcsnap-2025-04-29-16h00m21s002.png"},{"@type":"BreadcrumbList","@id":"http:\/\/demo.statek-kumberk.cz\/?page_id=303#breadcrumb","itemListElement":[{"@type":"ListItem","position":1,"name":"Dom\u016f","item":"http:\/\/demo.statek-kumberk.cz\/"},{"@type":"ListItem","position":2,"name":"O n\u00e1s"}]},{"@type":"WebSite","@id":"http:\/\/demo.statek-kumberk.cz\/#website","url":"http:\/\/demo.statek-kumberk.cz\/","name":"DEMO eshop Statek Kumberk","description":"","publisher":{"@id":"http:\/\/demo.statek-kumberk.cz\/#organization"},"potentialAction":[{"@type":"SearchAction","target":{"@type":"EntryPoint","urlTemplate":"http:\/\/demo.statek-kumberk.cz\/?s={search_term_string}"},"query-input":{"@type":"PropertyValueSpecification","valueRequired":true,"valueName":"search_term_string"}}],"inLanguage":"cs"},{"@type":"Organization","@id":"http:\/\/demo.statek-kumberk.cz\/#organization","name":"DEMO eshop Statek Kumberk","url":"http:\/\/demo.statek-kumberk.cz\/","logo":{"@type":"ImageObject","inLanguage":"cs","@id":"http:\/\/demo.statek-kumberk.cz\/#\/schema\/logo\/image\/","url":"http:\/\/demo.statek-kumberk.cz\/wp-content\/uploads\/2025\/05\/cropped-cropped-cropped-9c1f904f-65ad-4cdf-afb4-c002ba697250_removalai_preview-2.png","contentUrl":"http:\/\/demo.statek-kumberk.cz\/wp-content\/uploads\/2025\/05\/cropped-cropped-cropped-9c1f904f-65ad-4cdf-afb4-c002ba697250_removalai_preview-2.png","width":512,"height":512,"caption":"DEMO eshop Statek Kumberk"},"image":{"@id":"http:\/\/demo.statek-kumberk.cz\/#\/schema\/logo\/image\/"}}]}},"_links":{"self":[{"href":"http:\/\/demo.statek-kumberk.cz\/index.php?rest_route=\/wp\/v2\/pages\/303","targetHints":{"allow":["GET"]}}],"collection":[{"href":"http:\/\/demo.statek-kumberk.cz\/index.php?rest_route=\/wp\/v2\/pages"}],"about":[{"href":"http:\/\/demo.statek-kumberk.cz\/index.php?rest_route=\/wp\/v2\/types\/page"}],"author":[{"embeddable":true,"href":"http:\/\/demo.statek-kumberk.cz\/index.php?rest_route=\/wp\/v2\/users\/2"}],"replies":[{"embeddable":true,"href":"http:\/\/demo.statek-kumberk.cz\/index.php?rest_route=%2Fwp%2Fv2%2Fcomments&post=303"}],"version-history":[{"count":54,"href":"http:\/\/demo.statek-kumberk.cz\/index.php?rest_route=\/wp\/v2\/pages\/303\/revisions"}],"predecessor-version":[{"id":1392,"href":"http:\/\/demo.statek-kumberk.cz\/index.php?rest_route=\/wp\/v2\/pages\/303\/revisions\/1392"}],"wp:attachment":[{"href":"http:\/\/demo.statek-kumberk.cz\/index.php?rest_route=%2Fwp%2Fv2%2Fmedia&parent=303"}],"curies":[{"name":"wp","href":"https:\/\/api.w.org\/{rel}","templated":true}]}}